{"id":25,"date":"2024-11-25T17:01:22","date_gmt":"2024-11-25T14:01:22","guid":{"rendered":"https:\/\/mitilenetours.com\/tr\/?page_id=25"},"modified":"2025-01-27T13:37:38","modified_gmt":"2025-01-27T10:37:38","slug":"%cf%83%cf%87%ce%b5%cf%84%ce%b9%ce%ba%ce%ac","status":"publish","type":"page","link":"https:\/\/mitilenetours.com\/tr\/%cf%83%cf%87%ce%b5%cf%84%ce%b9%ce%ba%ce%ac\/","title":{"rendered":"Hakk\u0131m\u0131zda"},"content":{"rendered":"<p class=\"rtecenter\"><strong>Mitilene Tours Turizm &amp; Seyahat Acentesi<\/strong><\/p>\n<p class=\"rtecenter\"><em>Lisans Numaras\u0131:<\/em><u><strong>\u00a0<em>MHTE\/03\/10\/E\/61\/00\/00529\/01<\/em><\/strong><\/u><\/p>\n<p>&nbsp;<\/p>\n<p>Acentemize ho\u015fgeldiniz !<\/p>\n<p>2010 y\u0131l\u0131nda, Yunanistan&#8217;\u0131n Midilli Adas\u0131&#8217;nda kurulan acentemiz ile Yunanistan&#8217;\u0131n her noktas\u0131na yapaca\u011f\u0131n\u0131z seyahatlerinizde bilet, konaklama, transfer, araba kiralama ve tur hizmetleriyle yan\u0131n\u0131zday\u0131z.<\/p>\n<p>Yunanistan&#8217;\u0131n her b\u00f6lgesi i\u00e7in deniz, kara ve havayolu biletleri, ideal konaklama hizmetleri, tur paketleri, her t\u00fcrl\u00fc toplant\u0131 talebinizde terc\u00fcmanl\u0131k hizmeti, e\u011fitim ve yabanc\u0131 dil kursu dan\u0131\u015fmanl\u0131\u011f\u0131, ticari g\u00f6r\u00fc\u015fmeler, fuar, dernek toplant\u0131lar\u0131, konferans, panel organizasyonlar\u0131m\u0131z ile Ege\u2019nin iki yakas\u0131n\u0131\u00a0bulu\u015fturmaya kararl\u0131y\u0131z.<\/p>\n<p>Bar\u0131\u015f ve dostlu\u011fa\u00a0hep birlikte seyahat edebilmek\u00a0dile\u011fiyle..<\/p>\n","protected":false},"excerpt":{"rendered":"<p>Mitilene Tours Turizm &amp; Seyahat Acentesi Lisans Numaras\u0131:\u00a0MHTE\/03\/10\/E\/61\/00\/00529\/01 &nbsp; Acentemize ho\u015fgeldiniz ! 2010 y\u0131l\u0131nda, Yunanistan&#8217;\u0131n Midilli Adas\u0131&#8217;nda kurulan acentemiz ile Yunanistan&#8217;\u0131n her noktas\u0131na yapaca\u011f\u0131n\u0131z seyahatlerinizde bilet, konaklama, transfer, araba kiralama ve tur hizmetleriyle yan\u0131n\u0131zday\u0131z. Yunanistan&#8217;\u0131n her b\u00f6lgesi i\u00e7in deniz, kara ve havayolu biletleri, ideal konaklama hizmetleri, tur paketleri, her t\u00fcrl\u00fc toplant\u0131 talebinizde terc\u00fcmanl\u0131k hizmeti, e\u011fitim&hellip;<\/p>\n","protected":false},"author":1,"featured_media":0,"parent":0,"menu_order":0,"comment_status":"closed","ping_status":"closed","template":"","meta":{"footnotes":""},"class_list":["post-25","page","type-page","status-publish","hentry","description-off"],"yoast_head":"<!-- This site is optimized with the Yoast SEO plugin v27.4 - https:\/\/yoast.com\/product\/yoast-seo-wordpress\/ -->\n<title>Hakk\u0131m\u0131zda -<\/title>\n<meta name=\"robots\" content=\"index, follow, max-snippet:-1, max-image-preview:large, max-video-preview:-1\" \/>\n<link rel=\"canonical\" href=\"https:\/\/mitilenetours.com\/tr\/\u03c3\u03c7\u03b5\u03c4\u03b9\u03ba\u03ac\/\" \/>\n<meta property=\"og:locale\" content=\"el_GR\" \/>\n<meta property=\"og:type\" content=\"article\" \/>\n<meta property=\"og:title\" content=\"Hakk\u0131m\u0131zda -\" \/>\n<meta property=\"og:description\" content=\"Mitilene Tours Turizm &amp; Seyahat Acentesi Lisans Numaras\u0131:\u00a0MHTE\/03\/10\/E\/61\/00\/00529\/01 &nbsp; Acentemize ho\u015fgeldiniz ! 2010 y\u0131l\u0131nda, Yunanistan&#8217;\u0131n Midilli Adas\u0131&#8217;nda kurulan acentemiz ile Yunanistan&#8217;\u0131n her noktas\u0131na yapaca\u011f\u0131n\u0131z seyahatlerinizde bilet, konaklama, transfer, araba kiralama ve tur hizmetleriyle yan\u0131n\u0131zday\u0131z. Yunanistan&#8217;\u0131n her b\u00f6lgesi i\u00e7in deniz, kara ve havayolu biletleri, ideal konaklama hizmetleri, tur paketleri, her t\u00fcrl\u00fc toplant\u0131 talebinizde terc\u00fcmanl\u0131k hizmeti, e\u011fitim&hellip;\" \/>\n<meta property=\"og:url\" content=\"https:\/\/mitilenetours.com\/tr\/\u03c3\u03c7\u03b5\u03c4\u03b9\u03ba\u03ac\/\" \/>\n<meta property=\"article:modified_time\" content=\"2025-01-27T10:37:38+00:00\" \/>\n<meta name=\"twitter:card\" content=\"summary_large_image\" \/>\n<meta name=\"twitter:label1\" content=\"\u0395\u03ba\u03c4\u03b9\u03bc\u03ce\u03bc\u03b5\u03bd\u03bf\u03c2 \u03c7\u03c1\u03cc\u03bd\u03bf\u03c2 \u03b1\u03bd\u03ac\u03b3\u03bd\u03c9\u03c3\u03b7\u03c2\" \/>\n\t<meta name=\"twitter:data1\" content=\"1 \u03bb\u03b5\u03c0\u03c4\u03cc\" \/>\n<script type=\"application\/ld+json\" class=\"yoast-schema-graph\">{\"@context\":\"https:\\\/\\\/schema.org\",\"@graph\":[{\"@type\":\"WebPage\",\"@id\":\"https:\\\/\\\/mitilenetours.com\\\/tr\\\/%cf%83%cf%87%ce%b5%cf%84%ce%b9%ce%ba%ce%ac\\\/\",\"url\":\"https:\\\/\\\/mitilenetours.com\\\/tr\\\/%cf%83%cf%87%ce%b5%cf%84%ce%b9%ce%ba%ce%ac\\\/\",\"name\":\"Hakk\u0131m\u0131zda -\",\"isPartOf\":{\"@id\":\"https:\\\/\\\/mitilenetours.com\\\/tr\\\/#website\"},\"datePublished\":\"2024-11-25T14:01:22+00:00\",\"dateModified\":\"2025-01-27T10:37:38+00:00\",\"breadcrumb\":{\"@id\":\"https:\\\/\\\/mitilenetours.com\\\/tr\\\/%cf%83%cf%87%ce%b5%cf%84%ce%b9%ce%ba%ce%ac\\\/#breadcrumb\"},\"inLanguage\":\"el\",\"potentialAction\":[{\"@type\":\"ReadAction\",\"target\":[\"https:\\\/\\\/mitilenetours.com\\\/tr\\\/%cf%83%cf%87%ce%b5%cf%84%ce%b9%ce%ba%ce%ac\\\/\"]}]},{\"@type\":\"BreadcrumbList\",\"@id\":\"https:\\\/\\\/mitilenetours.com\\\/tr\\\/%cf%83%cf%87%ce%b5%cf%84%ce%b9%ce%ba%ce%ac\\\/#breadcrumb\",\"itemListElement\":[{\"@type\":\"ListItem\",\"position\":1,\"name\":\"\u0391\u03c1\u03c7\u03b9\u03ba\u03ae\",\"item\":\"https:\\\/\\\/mitilenetours.com\\\/tr\\\/\"},{\"@type\":\"ListItem\",\"position\":2,\"name\":\"Hakk\u0131m\u0131zda\"}]},{\"@type\":\"WebSite\",\"@id\":\"https:\\\/\\\/mitilenetours.com\\\/tr\\\/#website\",\"url\":\"https:\\\/\\\/mitilenetours.com\\\/tr\\\/\",\"name\":\"\",\"description\":\"\",\"potentialAction\":[{\"@type\":\"SearchAction\",\"target\":{\"@type\":\"EntryPoint\",\"urlTemplate\":\"https:\\\/\\\/mitilenetours.com\\\/tr\\\/?s={search_term_string}\"},\"query-input\":{\"@type\":\"PropertyValueSpecification\",\"valueRequired\":true,\"valueName\":\"search_term_string\"}}],\"inLanguage\":\"el\"}]}<\/script>\n<!-- \/ Yoast SEO plugin. -->","yoast_head_json":{"title":"Hakk\u0131m\u0131zda -","robots":{"index":"index","follow":"follow","max-snippet":"max-snippet:-1","max-image-preview":"max-image-preview:large","max-video-preview":"max-video-preview:-1"},"canonical":"https:\/\/mitilenetours.com\/tr\/\u03c3\u03c7\u03b5\u03c4\u03b9\u03ba\u03ac\/","og_locale":"el_GR","og_type":"article","og_title":"Hakk\u0131m\u0131zda -","og_description":"Mitilene Tours Turizm &amp; Seyahat Acentesi Lisans Numaras\u0131:\u00a0MHTE\/03\/10\/E\/61\/00\/00529\/01 &nbsp; Acentemize ho\u015fgeldiniz ! 2010 y\u0131l\u0131nda, Yunanistan&#8217;\u0131n Midilli Adas\u0131&#8217;nda kurulan acentemiz ile Yunanistan&#8217;\u0131n her noktas\u0131na yapaca\u011f\u0131n\u0131z seyahatlerinizde bilet, konaklama, transfer, araba kiralama ve tur hizmetleriyle yan\u0131n\u0131zday\u0131z. Yunanistan&#8217;\u0131n her b\u00f6lgesi i\u00e7in deniz, kara ve havayolu biletleri, ideal konaklama hizmetleri, tur paketleri, her t\u00fcrl\u00fc toplant\u0131 talebinizde terc\u00fcmanl\u0131k hizmeti, e\u011fitim&hellip;","og_url":"https:\/\/mitilenetours.com\/tr\/\u03c3\u03c7\u03b5\u03c4\u03b9\u03ba\u03ac\/","article_modified_time":"2025-01-27T10:37:38+00:00","twitter_card":"summary_large_image","twitter_misc":{"\u0395\u03ba\u03c4\u03b9\u03bc\u03ce\u03bc\u03b5\u03bd\u03bf\u03c2 \u03c7\u03c1\u03cc\u03bd\u03bf\u03c2 \u03b1\u03bd\u03ac\u03b3\u03bd\u03c9\u03c3\u03b7\u03c2":"1 \u03bb\u03b5\u03c0\u03c4\u03cc"},"schema":{"@context":"https:\/\/schema.org","@graph":[{"@type":"WebPage","@id":"https:\/\/mitilenetours.com\/tr\/%cf%83%cf%87%ce%b5%cf%84%ce%b9%ce%ba%ce%ac\/","url":"https:\/\/mitilenetours.com\/tr\/%cf%83%cf%87%ce%b5%cf%84%ce%b9%ce%ba%ce%ac\/","name":"Hakk\u0131m\u0131zda -","isPartOf":{"@id":"https:\/\/mitilenetours.com\/tr\/#website"},"datePublished":"2024-11-25T14:01:22+00:00","dateModified":"2025-01-27T10:37:38+00:00","breadcrumb":{"@id":"https:\/\/mitilenetours.com\/tr\/%cf%83%cf%87%ce%b5%cf%84%ce%b9%ce%ba%ce%ac\/#breadcrumb"},"inLanguage":"el","potentialAction":[{"@type":"ReadAction","target":["https:\/\/mitilenetours.com\/tr\/%cf%83%cf%87%ce%b5%cf%84%ce%b9%ce%ba%ce%ac\/"]}]},{"@type":"BreadcrumbList","@id":"https:\/\/mitilenetours.com\/tr\/%cf%83%cf%87%ce%b5%cf%84%ce%b9%ce%ba%ce%ac\/#breadcrumb","itemListElement":[{"@type":"ListItem","position":1,"name":"\u0391\u03c1\u03c7\u03b9\u03ba\u03ae","item":"https:\/\/mitilenetours.com\/tr\/"},{"@type":"ListItem","position":2,"name":"Hakk\u0131m\u0131zda"}]},{"@type":"WebSite","@id":"https:\/\/mitilenetours.com\/tr\/#website","url":"https:\/\/mitilenetours.com\/tr\/","name":"","description":"","potentialAction":[{"@type":"SearchAction","target":{"@type":"EntryPoint","urlTemplate":"https:\/\/mitilenetours.com\/tr\/?s={search_term_string}"},"query-input":{"@type":"PropertyValueSpecification","valueRequired":true,"valueName":"search_term_string"}}],"inLanguage":"el"}]}},"_links":{"self":[{"href":"https:\/\/mitilenetours.com\/tr\/wp-json\/wp\/v2\/pages\/25","targetHints":{"allow":["GET"]}}],"collection":[{"href":"https:\/\/mitilenetours.com\/tr\/wp-json\/wp\/v2\/pages"}],"about":[{"href":"https:\/\/mitilenetours.com\/tr\/wp-json\/wp\/v2\/types\/page"}],"author":[{"embeddable":true,"href":"https:\/\/mitilenetours.com\/tr\/wp-json\/wp\/v2\/users\/1"}],"replies":[{"embeddable":true,"href":"https:\/\/mitilenetours.com\/tr\/wp-json\/wp\/v2\/comments?post=25"}],"version-history":[{"count":4,"href":"https:\/\/mitilenetours.com\/tr\/wp-json\/wp\/v2\/pages\/25\/revisions"}],"predecessor-version":[{"id":375,"href":"https:\/\/mitilenetours.com\/tr\/wp-json\/wp\/v2\/pages\/25\/revisions\/375"}],"wp:attachment":[{"href":"https:\/\/mitilenetours.com\/tr\/wp-json\/wp\/v2\/media?parent=25"}],"curies":[{"name":"wp","href":"https:\/\/api.w.org\/{rel}","templated":true}]}}