{"id":255,"date":"2024-12-06T12:59:22","date_gmt":"2024-12-06T09:59:22","guid":{"rendered":"https:\/\/mitilenetours.com\/tr\/?page_id=255"},"modified":"2024-12-06T12:59:22","modified_gmt":"2024-12-06T09:59:22","slug":"bati-lesvos","status":"publish","type":"page","link":"https:\/\/mitilenetours.com\/tr\/bati-lesvos\/","title":{"rendered":"Bat\u0131 Lesvos"},"content":{"rendered":"<div class=\"wpb-content-wrapper\"><p>[vc_row][vc_column width=&#8221;1\/2&#8243;][vc_column_text css=&#8221;&#8221;]<\/p>\n<p style=\"text-align: justify;\">Adan\u0131n bat\u0131 b\u00f6lgesinde geleneksel mimarisi \u00e7ok iyi korunmu\u015f Vatusa ve 300 metre y\u00fckseklikte ormanl\u0131k bir tepeye yerle\u015fik Andisa k\u00f6ylerini g\u00f6receksiniz.<\/p>\n<p>&nbsp;<\/p>\n<p style=\"text-align: justify;\">Gavatas ise ayn\u0131 k\u00f6y\u00fcn liman\u0131d\u0131r. Vatusa ile Andisa aras\u0131nda billur suyu ve freskleri ile \u00fcnlenmi\u015f Perivolis Manast\u0131r\u0131 yer al\u0131r.<\/p>\n<p>&nbsp;<\/p>\n<p style=\"text-align: justify;\">Ordimnos Da\u011f\u0131\u2019 n\u0131n zirvesinde \u0130psilu Manast\u0131r\u0131 y\u00fckselir. Manast\u0131r kilisesinde nadir ikonalar ve \u00e7ok de\u011ferli dini e\u015fyalar muhafaza edilmektedir.<\/p>\n<p>&nbsp;<\/p>\n<p style=\"text-align: justify;\">Lesvos\u2019un en bat\u0131 ucunda k\u00fc\u00e7\u00fck kalesi ile \u00f6zg\u00fcn bal\u0131k\u00e7\u0131 k\u00f6y\u00fc Sigri sizleri selamlar. Sigri \u2013 Eresos \u2013 Andisa \u00fc\u00e7geninde korunma alt\u0131na al\u0131nan, do\u011fa harikas\u0131 Lesvos Fosille\u015fmi\u015f Orman\u0131 da uzanmaktad\u0131r. Eresos beldesi de manevi gelenekselli\u011fi ve arkeolojik kal\u0131nt\u0131lar\u0131 ile g\u00f6r\u00fclmeye de\u011fer bir ba\u015fka yer bu b\u00f6lgede.<\/p>\n<p>&nbsp;<\/p>\n<p style=\"text-align: justify;\">4 kilometre ileride Skala Eresos ise sonsuz kumsal\u0131 ve organize turistik alt yap\u0131s\u0131 ile tatil yaparak dinlenmek isteyenler i\u00e7in ideal bir se\u00e7enek.<\/p>\n<p>[\/vc_column_text][\/vc_column][vc_column width=&#8221;1\/2&#8243;][vc_media_grid element_width=&#8221;3&#8243; css=&#8221;&#8221; grid_id=&#8221;vc_gid:1733478905132-43fbafc9-3051-1&#8243; include=&#8221;256,257,258,259,260,261,262,263,264,265,266,267,268,269,270,271,272,273,274,275,276,277,278,279,280,281,282,283,284,285,286,287,288,289,290,291&#8243;][\/vc_column][\/vc_row]<\/p>\n<\/div>","protected":false},"excerpt":{"rendered":"<p>[vc_row][vc_column width=&#8221;1\/2&#8243;][vc_column_text css=&#8221;&#8221;] Adan\u0131n bat\u0131 b\u00f6lgesinde geleneksel mimarisi \u00e7ok iyi korunmu\u015f Vatusa ve 300 metre y\u00fckseklikte ormanl\u0131k bir tepeye yerle\u015fik Andisa k\u00f6ylerini g\u00f6receksiniz. &nbsp; Gavatas ise ayn\u0131 k\u00f6y\u00fcn liman\u0131d\u0131r. Vatusa ile Andisa aras\u0131nda billur suyu ve freskleri ile \u00fcnlenmi\u015f Perivolis Manast\u0131r\u0131 yer al\u0131r. &nbsp; Ordimnos Da\u011f\u0131\u2019 n\u0131n zirvesinde \u0130psilu Manast\u0131r\u0131 y\u00fckselir. Manast\u0131r kilisesinde nadir ikonalar&hellip;<\/p>\n","protected":false},"author":1,"featured_media":0,"parent":0,"menu_order":0,"comment_status":"closed","ping_status":"closed","template":"","meta":{"footnotes":""},"class_list":["post-255","page","type-page","status-publish","hentry","description-off"],"yoast_head":"<!-- This site is optimized with the Yoast SEO plugin v27.4 - https:\/\/yoast.com\/product\/yoast-seo-wordpress\/ -->\n<title>Bat\u0131 Lesvos -<\/title>\n<meta name=\"robots\" content=\"index, follow, max-snippet:-1, max-image-preview:large, max-video-preview:-1\" \/>\n<link rel=\"canonical\" href=\"https:\/\/mitilenetours.com\/tr\/bati-lesvos\/\" \/>\n<meta property=\"og:locale\" content=\"el_GR\" \/>\n<meta property=\"og:type\" content=\"article\" \/>\n<meta property=\"og:title\" content=\"Bat\u0131 Lesvos -\" \/>\n<meta property=\"og:description\" content=\"[vc_row][vc_column width=&#8221;1\/2&#8243;][vc_column_text css=&#8221;&#8221;] Adan\u0131n bat\u0131 b\u00f6lgesinde geleneksel mimarisi \u00e7ok iyi korunmu\u015f Vatusa ve 300 metre y\u00fckseklikte ormanl\u0131k bir tepeye yerle\u015fik Andisa k\u00f6ylerini g\u00f6receksiniz. &nbsp; Gavatas ise ayn\u0131 k\u00f6y\u00fcn liman\u0131d\u0131r. Vatusa ile Andisa aras\u0131nda billur suyu ve freskleri ile \u00fcnlenmi\u015f Perivolis Manast\u0131r\u0131 yer al\u0131r. &nbsp; Ordimnos Da\u011f\u0131\u2019 n\u0131n zirvesinde \u0130psilu Manast\u0131r\u0131 y\u00fckselir. Manast\u0131r kilisesinde nadir ikonalar&hellip;\" \/>\n<meta property=\"og:url\" content=\"https:\/\/mitilenetours.com\/tr\/bati-lesvos\/\" \/>\n<meta name=\"twitter:card\" content=\"summary_large_image\" \/>\n<meta name=\"twitter:label1\" content=\"\u0395\u03ba\u03c4\u03b9\u03bc\u03ce\u03bc\u03b5\u03bd\u03bf\u03c2 \u03c7\u03c1\u03cc\u03bd\u03bf\u03c2 \u03b1\u03bd\u03ac\u03b3\u03bd\u03c9\u03c3\u03b7\u03c2\" \/>\n\t<meta name=\"twitter:data1\" content=\"1 \u03bb\u03b5\u03c0\u03c4\u03cc\" \/>\n<script type=\"application\/ld+json\" class=\"yoast-schema-graph\">{\"@context\":\"https:\\\/\\\/schema.org\",\"@graph\":[{\"@type\":\"WebPage\",\"@id\":\"https:\\\/\\\/mitilenetours.com\\\/tr\\\/bati-lesvos\\\/\",\"url\":\"https:\\\/\\\/mitilenetours.com\\\/tr\\\/bati-lesvos\\\/\",\"name\":\"Bat\u0131 Lesvos -\",\"isPartOf\":{\"@id\":\"https:\\\/\\\/mitilenetours.com\\\/tr\\\/#website\"},\"datePublished\":\"2024-12-06T09:59:22+00:00\",\"breadcrumb\":{\"@id\":\"https:\\\/\\\/mitilenetours.com\\\/tr\\\/bati-lesvos\\\/#breadcrumb\"},\"inLanguage\":\"el\",\"potentialAction\":[{\"@type\":\"ReadAction\",\"target\":[\"https:\\\/\\\/mitilenetours.com\\\/tr\\\/bati-lesvos\\\/\"]}]},{\"@type\":\"BreadcrumbList\",\"@id\":\"https:\\\/\\\/mitilenetours.com\\\/tr\\\/bati-lesvos\\\/#breadcrumb\",\"itemListElement\":[{\"@type\":\"ListItem\",\"position\":1,\"name\":\"\u0391\u03c1\u03c7\u03b9\u03ba\u03ae\",\"item\":\"https:\\\/\\\/mitilenetours.com\\\/tr\\\/\"},{\"@type\":\"ListItem\",\"position\":2,\"name\":\"Bat\u0131 Lesvos\"}]},{\"@type\":\"WebSite\",\"@id\":\"https:\\\/\\\/mitilenetours.com\\\/tr\\\/#website\",\"url\":\"https:\\\/\\\/mitilenetours.com\\\/tr\\\/\",\"name\":\"\",\"description\":\"\",\"potentialAction\":[{\"@type\":\"SearchAction\",\"target\":{\"@type\":\"EntryPoint\",\"urlTemplate\":\"https:\\\/\\\/mitilenetours.com\\\/tr\\\/?s={search_term_string}\"},\"query-input\":{\"@type\":\"PropertyValueSpecification\",\"valueRequired\":true,\"valueName\":\"search_term_string\"}}],\"inLanguage\":\"el\"}]}<\/script>\n<!-- \/ Yoast SEO plugin. -->","yoast_head_json":{"title":"Bat\u0131 Lesvos -","robots":{"index":"index","follow":"follow","max-snippet":"max-snippet:-1","max-image-preview":"max-image-preview:large","max-video-preview":"max-video-preview:-1"},"canonical":"https:\/\/mitilenetours.com\/tr\/bati-lesvos\/","og_locale":"el_GR","og_type":"article","og_title":"Bat\u0131 Lesvos -","og_description":"[vc_row][vc_column width=&#8221;1\/2&#8243;][vc_column_text css=&#8221;&#8221;] Adan\u0131n bat\u0131 b\u00f6lgesinde geleneksel mimarisi \u00e7ok iyi korunmu\u015f Vatusa ve 300 metre y\u00fckseklikte ormanl\u0131k bir tepeye yerle\u015fik Andisa k\u00f6ylerini g\u00f6receksiniz. &nbsp; Gavatas ise ayn\u0131 k\u00f6y\u00fcn liman\u0131d\u0131r. Vatusa ile Andisa aras\u0131nda billur suyu ve freskleri ile \u00fcnlenmi\u015f Perivolis Manast\u0131r\u0131 yer al\u0131r. &nbsp; Ordimnos Da\u011f\u0131\u2019 n\u0131n zirvesinde \u0130psilu Manast\u0131r\u0131 y\u00fckselir. Manast\u0131r kilisesinde nadir ikonalar&hellip;","og_url":"https:\/\/mitilenetours.com\/tr\/bati-lesvos\/","twitter_card":"summary_large_image","twitter_misc":{"\u0395\u03ba\u03c4\u03b9\u03bc\u03ce\u03bc\u03b5\u03bd\u03bf\u03c2 \u03c7\u03c1\u03cc\u03bd\u03bf\u03c2 \u03b1\u03bd\u03ac\u03b3\u03bd\u03c9\u03c3\u03b7\u03c2":"1 \u03bb\u03b5\u03c0\u03c4\u03cc"},"schema":{"@context":"https:\/\/schema.org","@graph":[{"@type":"WebPage","@id":"https:\/\/mitilenetours.com\/tr\/bati-lesvos\/","url":"https:\/\/mitilenetours.com\/tr\/bati-lesvos\/","name":"Bat\u0131 Lesvos -","isPartOf":{"@id":"https:\/\/mitilenetours.com\/tr\/#website"},"datePublished":"2024-12-06T09:59:22+00:00","breadcrumb":{"@id":"https:\/\/mitilenetours.com\/tr\/bati-lesvos\/#breadcrumb"},"inLanguage":"el","potentialAction":[{"@type":"ReadAction","target":["https:\/\/mitilenetours.com\/tr\/bati-lesvos\/"]}]},{"@type":"BreadcrumbList","@id":"https:\/\/mitilenetours.com\/tr\/bati-lesvos\/#breadcrumb","itemListElement":[{"@type":"ListItem","position":1,"name":"\u0391\u03c1\u03c7\u03b9\u03ba\u03ae","item":"https:\/\/mitilenetours.com\/tr\/"},{"@type":"ListItem","position":2,"name":"Bat\u0131 Lesvos"}]},{"@type":"WebSite","@id":"https:\/\/mitilenetours.com\/tr\/#website","url":"https:\/\/mitilenetours.com\/tr\/","name":"","description":"","potentialAction":[{"@type":"SearchAction","target":{"@type":"EntryPoint","urlTemplate":"https:\/\/mitilenetours.com\/tr\/?s={search_term_string}"},"query-input":{"@type":"PropertyValueSpecification","valueRequired":true,"valueName":"search_term_string"}}],"inLanguage":"el"}]}},"_links":{"self":[{"href":"https:\/\/mitilenetours.com\/tr\/wp-json\/wp\/v2\/pages\/255","targetHints":{"allow":["GET"]}}],"collection":[{"href":"https:\/\/mitilenetours.com\/tr\/wp-json\/wp\/v2\/pages"}],"about":[{"href":"https:\/\/mitilenetours.com\/tr\/wp-json\/wp\/v2\/types\/page"}],"author":[{"embeddable":true,"href":"https:\/\/mitilenetours.com\/tr\/wp-json\/wp\/v2\/users\/1"}],"replies":[{"embeddable":true,"href":"https:\/\/mitilenetours.com\/tr\/wp-json\/wp\/v2\/comments?post=255"}],"version-history":[{"count":1,"href":"https:\/\/mitilenetours.com\/tr\/wp-json\/wp\/v2\/pages\/255\/revisions"}],"predecessor-version":[{"id":292,"href":"https:\/\/mitilenetours.com\/tr\/wp-json\/wp\/v2\/pages\/255\/revisions\/292"}],"wp:attachment":[{"href":"https:\/\/mitilenetours.com\/tr\/wp-json\/wp\/v2\/media?parent=255"}],"curies":[{"name":"wp","href":"https:\/\/api.w.org\/{rel}","templated":true}]}}