{"id":347,"date":"2025-01-24T17:20:09","date_gmt":"2025-01-24T14:20:09","guid":{"rendered":"https:\/\/mitilenetours.com\/tr\/?page_id=347"},"modified":"2025-01-27T12:40:13","modified_gmt":"2025-01-27T09:40:13","slug":"otel-rezervasyonu","status":"publish","type":"page","link":"https:\/\/mitilenetours.com\/tr\/otel-rezervasyonu\/","title":{"rendered":"Otel Rezervasyonu"},"content":{"rendered":"<div class=\"wpb-content-wrapper\"><p>[vc_row][vc_column][vc_single_image image=&#8221;350&#8243; img_size=&#8221;full&#8221; alignment=&#8221;center&#8221; css=&#8221;&#8221;][\/vc_column][\/vc_row][vc_row][vc_column][vc_column_text css=&#8221;&#8221;]<\/p>\n<p style=\"text-align: justify;\">Tatiliniz i\u00e7in Lesvos&#8217;u se\u00e7tiyseniz, &#8220;Mitilene Tours&#8221; bilgi ve t\u00fcm rezervasyonlar i\u00e7in ortaklar\u0131yla her zaman yan\u0131n\u0131zda&#8230; En iyi fiyatlarla, t\u00fcm kategorilerde otel se\u00e7enekleriyle size hizmet vermek i\u00e7in buraday\u0131z.<\/p>\n<p style=\"text-align: justify;\">Konforlu bir konaklama i\u00e7in gerekli t\u00fcm detaylar\u0131 belirtebilece\u011finiz rezervasyon formunu doldurman\u0131z yeterli. Ard\u0131ndan seyahat dan\u0131\u015fmanlar\u0131m\u0131z se\u00e7eneklerle size d\u00f6n\u00fc\u015f yapacaklar.<\/p>\n<p>[\/vc_column_text][\/vc_column][\/vc_row][vc_row css_animation=&#8221;zoomInUp&#8221;][vc_column width=&#8221;1\/3&#8243;][vc_single_image image=&#8221;327&#8243; img_size=&#8221;586&#215;300&#8243; alignment=&#8221;center&#8221; onclick=&#8221;custom_link&#8221; css=&#8221;&#8221; link=&#8221;https:\/\/mitilenetours.com\/online-\u03ba\u03c1\u03ac\u03c4\u03b7\u03c3\u03b7\/&#8221;][\/vc_column][vc_column width=&#8221;2\/3&#8243;][vc_empty_space height=&#8221;10px&#8221;][vc_column_text css=&#8221;&#8221;]S\u00fcre\u00e7 basit: Dilek ve ihtiya\u00e7lar\u0131n\u0131z\u0131 a\u015fa\u011f\u0131daki formu doldurun, uzman ortaklar\u0131m\u0131zdan biri sizinle hemen ileti\u015fime ge\u00e7ecektir. Birlikte, size \u00f6zel ideal seyahati organize edece\u011fiz, b\u00f6ylece her an\u0131n tad\u0131n\u0131 stressiz bir \u015fekilde ve her \u015feyin profesyonelce halledildi\u011finin g\u00fcveniyle \u00e7\u0131karabileceksiniz.<\/p>\n<p>Tek yapman\u0131z gereken bize g\u00fcvenmek, gerisini bize b\u0131rak\u0131n![\/vc_column_text]<style type=\"text\/css\" data-type=\"the7_shortcodes-inline-css\">#default-btn-8a207134aef63298d0ac3689d236679b.ico-right-side > i {\n  margin-right: 0px;\n  margin-left: 8px;\n}\n#default-btn-8a207134aef63298d0ac3689d236679b > i {\n  margin-right: 8px;\n}\n<\/style><a href=\"https:\/\/mitilenetours.com\/tr\/online-rezervasyon\/\" class=\"default-btn-shortcode dt-btn dt-btn-m link-hover-off ico-right-side btn-inline-left \" id=\"default-btn-8a207134aef63298d0ac3689d236679b\" title=\"Online Rezervasyon\"><span>Online Rezervasyon<\/span><i class=\"icomoon-the7-font-the7-arrow-21\"><\/i><\/a>[\/vc_column][\/vc_row]<\/p>\n<\/div>","protected":false},"excerpt":{"rendered":"<p>[vc_row][vc_column][vc_single_image image=&#8221;350&#8243; img_size=&#8221;full&#8221; alignment=&#8221;center&#8221; css=&#8221;&#8221;][\/vc_column][\/vc_row][vc_row][vc_column][vc_column_text css=&#8221;&#8221;] Tatiliniz i\u00e7in Lesvos&#8217;u se\u00e7tiyseniz, &#8220;Mitilene Tours&#8221; bilgi ve t\u00fcm rezervasyonlar i\u00e7in ortaklar\u0131yla her zaman yan\u0131n\u0131zda&#8230; En iyi fiyatlarla, t\u00fcm kategorilerde otel se\u00e7enekleriyle size hizmet vermek i\u00e7in buraday\u0131z. Konforlu bir konaklama i\u00e7in gerekli t\u00fcm detaylar\u0131 belirtebilece\u011finiz rezervasyon formunu doldurman\u0131z yeterli. Ard\u0131ndan seyahat dan\u0131\u015fmanlar\u0131m\u0131z se\u00e7eneklerle size d\u00f6n\u00fc\u015f yapacaklar. [\/vc_column_text][\/vc_column][\/vc_row][vc_row css_animation=&#8221;zoomInUp&#8221;][vc_column width=&#8221;1\/3&#8243;][vc_single_image&hellip;<\/p>\n","protected":false},"author":1,"featured_media":0,"parent":0,"menu_order":0,"comment_status":"closed","ping_status":"closed","template":"","meta":{"footnotes":""},"class_list":["post-347","page","type-page","status-publish","hentry","description-off"],"yoast_head":"<!-- This site is optimized with the Yoast SEO plugin v27.5 - https:\/\/yoast.com\/product\/yoast-seo-wordpress\/ -->\n<title>Otel Rezervasyonu -<\/title>\n<meta name=\"robots\" content=\"index, follow, max-snippet:-1, max-image-preview:large, max-video-preview:-1\" \/>\n<link rel=\"canonical\" href=\"https:\/\/mitilenetours.com\/tr\/otel-rezervasyonu\/\" \/>\n<meta property=\"og:locale\" content=\"el_GR\" \/>\n<meta property=\"og:type\" content=\"article\" \/>\n<meta property=\"og:title\" content=\"Otel Rezervasyonu -\" \/>\n<meta property=\"og:description\" content=\"[vc_row][vc_column][vc_single_image image=&#8221;350&#8243; img_size=&#8221;full&#8221; alignment=&#8221;center&#8221; css=&#8221;&#8221;][\/vc_column][\/vc_row][vc_row][vc_column][vc_column_text css=&#8221;&#8221;] Tatiliniz i\u00e7in Lesvos&#8217;u se\u00e7tiyseniz, &#8220;Mitilene Tours&#8221; bilgi ve t\u00fcm rezervasyonlar i\u00e7in ortaklar\u0131yla her zaman yan\u0131n\u0131zda&#8230; En iyi fiyatlarla, t\u00fcm kategorilerde otel se\u00e7enekleriyle size hizmet vermek i\u00e7in buraday\u0131z. Konforlu bir konaklama i\u00e7in gerekli t\u00fcm detaylar\u0131 belirtebilece\u011finiz rezervasyon formunu doldurman\u0131z yeterli. Ard\u0131ndan seyahat dan\u0131\u015fmanlar\u0131m\u0131z se\u00e7eneklerle size d\u00f6n\u00fc\u015f yapacaklar. [\/vc_column_text][\/vc_column][\/vc_row][vc_row css_animation=&#8221;zoomInUp&#8221;][vc_column width=&#8221;1\/3&#8243;][vc_single_image&hellip;\" \/>\n<meta property=\"og:url\" content=\"https:\/\/mitilenetours.com\/tr\/otel-rezervasyonu\/\" \/>\n<meta property=\"article:modified_time\" content=\"2025-01-27T09:40:13+00:00\" \/>\n<meta name=\"twitter:card\" content=\"summary_large_image\" \/>\n<meta name=\"twitter:label1\" content=\"\u0395\u03ba\u03c4\u03b9\u03bc\u03ce\u03bc\u03b5\u03bd\u03bf\u03c2 \u03c7\u03c1\u03cc\u03bd\u03bf\u03c2 \u03b1\u03bd\u03ac\u03b3\u03bd\u03c9\u03c3\u03b7\u03c2\" \/>\n\t<meta name=\"twitter:data1\" content=\"2 \u03bb\u03b5\u03c0\u03c4\u03ac\" \/>\n<script type=\"application\/ld+json\" class=\"yoast-schema-graph\">{\"@context\":\"https:\\\/\\\/schema.org\",\"@graph\":[{\"@type\":\"WebPage\",\"@id\":\"https:\\\/\\\/mitilenetours.com\\\/tr\\\/otel-rezervasyonu\\\/\",\"url\":\"https:\\\/\\\/mitilenetours.com\\\/tr\\\/otel-rezervasyonu\\\/\",\"name\":\"Otel Rezervasyonu -\",\"isPartOf\":{\"@id\":\"https:\\\/\\\/mitilenetours.com\\\/tr\\\/#website\"},\"datePublished\":\"2025-01-24T14:20:09+00:00\",\"dateModified\":\"2025-01-27T09:40:13+00:00\",\"breadcrumb\":{\"@id\":\"https:\\\/\\\/mitilenetours.com\\\/tr\\\/otel-rezervasyonu\\\/#breadcrumb\"},\"inLanguage\":\"el\",\"potentialAction\":[{\"@type\":\"ReadAction\",\"target\":[\"https:\\\/\\\/mitilenetours.com\\\/tr\\\/otel-rezervasyonu\\\/\"]}]},{\"@type\":\"BreadcrumbList\",\"@id\":\"https:\\\/\\\/mitilenetours.com\\\/tr\\\/otel-rezervasyonu\\\/#breadcrumb\",\"itemListElement\":[{\"@type\":\"ListItem\",\"position\":1,\"name\":\"\u0391\u03c1\u03c7\u03b9\u03ba\u03ae\",\"item\":\"https:\\\/\\\/mitilenetours.com\\\/tr\\\/\"},{\"@type\":\"ListItem\",\"position\":2,\"name\":\"Otel Rezervasyonu\"}]},{\"@type\":\"WebSite\",\"@id\":\"https:\\\/\\\/mitilenetours.com\\\/tr\\\/#website\",\"url\":\"https:\\\/\\\/mitilenetours.com\\\/tr\\\/\",\"name\":\"\",\"description\":\"\",\"potentialAction\":[{\"@type\":\"SearchAction\",\"target\":{\"@type\":\"EntryPoint\",\"urlTemplate\":\"https:\\\/\\\/mitilenetours.com\\\/tr\\\/?s={search_term_string}\"},\"query-input\":{\"@type\":\"PropertyValueSpecification\",\"valueRequired\":true,\"valueName\":\"search_term_string\"}}],\"inLanguage\":\"el\"}]}<\/script>\n<!-- \/ Yoast SEO plugin. -->","yoast_head_json":{"title":"Otel Rezervasyonu -","robots":{"index":"index","follow":"follow","max-snippet":"max-snippet:-1","max-image-preview":"max-image-preview:large","max-video-preview":"max-video-preview:-1"},"canonical":"https:\/\/mitilenetours.com\/tr\/otel-rezervasyonu\/","og_locale":"el_GR","og_type":"article","og_title":"Otel Rezervasyonu -","og_description":"[vc_row][vc_column][vc_single_image image=&#8221;350&#8243; img_size=&#8221;full&#8221; alignment=&#8221;center&#8221; css=&#8221;&#8221;][\/vc_column][\/vc_row][vc_row][vc_column][vc_column_text css=&#8221;&#8221;] Tatiliniz i\u00e7in Lesvos&#8217;u se\u00e7tiyseniz, &#8220;Mitilene Tours&#8221; bilgi ve t\u00fcm rezervasyonlar i\u00e7in ortaklar\u0131yla her zaman yan\u0131n\u0131zda&#8230; En iyi fiyatlarla, t\u00fcm kategorilerde otel se\u00e7enekleriyle size hizmet vermek i\u00e7in buraday\u0131z. Konforlu bir konaklama i\u00e7in gerekli t\u00fcm detaylar\u0131 belirtebilece\u011finiz rezervasyon formunu doldurman\u0131z yeterli. Ard\u0131ndan seyahat dan\u0131\u015fmanlar\u0131m\u0131z se\u00e7eneklerle size d\u00f6n\u00fc\u015f yapacaklar. [\/vc_column_text][\/vc_column][\/vc_row][vc_row css_animation=&#8221;zoomInUp&#8221;][vc_column width=&#8221;1\/3&#8243;][vc_single_image&hellip;","og_url":"https:\/\/mitilenetours.com\/tr\/otel-rezervasyonu\/","article_modified_time":"2025-01-27T09:40:13+00:00","twitter_card":"summary_large_image","twitter_misc":{"\u0395\u03ba\u03c4\u03b9\u03bc\u03ce\u03bc\u03b5\u03bd\u03bf\u03c2 \u03c7\u03c1\u03cc\u03bd\u03bf\u03c2 \u03b1\u03bd\u03ac\u03b3\u03bd\u03c9\u03c3\u03b7\u03c2":"2 \u03bb\u03b5\u03c0\u03c4\u03ac"},"schema":{"@context":"https:\/\/schema.org","@graph":[{"@type":"WebPage","@id":"https:\/\/mitilenetours.com\/tr\/otel-rezervasyonu\/","url":"https:\/\/mitilenetours.com\/tr\/otel-rezervasyonu\/","name":"Otel Rezervasyonu -","isPartOf":{"@id":"https:\/\/mitilenetours.com\/tr\/#website"},"datePublished":"2025-01-24T14:20:09+00:00","dateModified":"2025-01-27T09:40:13+00:00","breadcrumb":{"@id":"https:\/\/mitilenetours.com\/tr\/otel-rezervasyonu\/#breadcrumb"},"inLanguage":"el","potentialAction":[{"@type":"ReadAction","target":["https:\/\/mitilenetours.com\/tr\/otel-rezervasyonu\/"]}]},{"@type":"BreadcrumbList","@id":"https:\/\/mitilenetours.com\/tr\/otel-rezervasyonu\/#breadcrumb","itemListElement":[{"@type":"ListItem","position":1,"name":"\u0391\u03c1\u03c7\u03b9\u03ba\u03ae","item":"https:\/\/mitilenetours.com\/tr\/"},{"@type":"ListItem","position":2,"name":"Otel Rezervasyonu"}]},{"@type":"WebSite","@id":"https:\/\/mitilenetours.com\/tr\/#website","url":"https:\/\/mitilenetours.com\/tr\/","name":"","description":"","potentialAction":[{"@type":"SearchAction","target":{"@type":"EntryPoint","urlTemplate":"https:\/\/mitilenetours.com\/tr\/?s={search_term_string}"},"query-input":{"@type":"PropertyValueSpecification","valueRequired":true,"valueName":"search_term_string"}}],"inLanguage":"el"}]}},"_links":{"self":[{"href":"https:\/\/mitilenetours.com\/tr\/wp-json\/wp\/v2\/pages\/347","targetHints":{"allow":["GET"]}}],"collection":[{"href":"https:\/\/mitilenetours.com\/tr\/wp-json\/wp\/v2\/pages"}],"about":[{"href":"https:\/\/mitilenetours.com\/tr\/wp-json\/wp\/v2\/types\/page"}],"author":[{"embeddable":true,"href":"https:\/\/mitilenetours.com\/tr\/wp-json\/wp\/v2\/users\/1"}],"replies":[{"embeddable":true,"href":"https:\/\/mitilenetours.com\/tr\/wp-json\/wp\/v2\/comments?post=347"}],"version-history":[{"count":3,"href":"https:\/\/mitilenetours.com\/tr\/wp-json\/wp\/v2\/pages\/347\/revisions"}],"predecessor-version":[{"id":374,"href":"https:\/\/mitilenetours.com\/tr\/wp-json\/wp\/v2\/pages\/347\/revisions\/374"}],"wp:attachment":[{"href":"https:\/\/mitilenetours.com\/tr\/wp-json\/wp\/v2\/media?parent=347"}],"curies":[{"name":"wp","href":"https:\/\/api.w.org\/{rel}","templated":true}]}}