{"id":9,"date":"2024-11-25T16:31:32","date_gmt":"2024-11-25T13:31:32","guid":{"rendered":"https:\/\/mitilenetours.com\/tr\/?page_id=9"},"modified":"2025-01-22T12:25:34","modified_gmt":"2025-01-22T09:25:34","slug":"ana-sayfa","status":"publish","type":"page","link":"https:\/\/mitilenetours.com\/tr\/","title":{"rendered":"Ana sayfa"},"content":{"rendered":"<div class=\"wpb-content-wrapper\"><p>[vc_row css=&#8221;.vc_custom_1731742296219{margin-top: -30px !important;}&#8221;][vc_column][vc_column_text css=&#8221;&#8221;]\n\t\t\t\t<p class=\"rs-p-wp-fix\"><\/p>\n\t\t\t\t<sr7-module data-alias=\"slider-1\" data-id=\"1\" id=\"SR7_1_1\" class=\"rs-ov-hidden\" data-version=\"6.7.18\">\n\t\t\t\t\t<sr7-adjuster><\/sr7-adjuster>\n\t\t\t\t\t<sr7-content>\n\t\t\t\t\t\t<sr7-slide id=\"SR7_1_1-1\" data-key=\"1\">\n\t\t\t\t\t\t\t<sr7-bg id=\"SR7_1_1-1-1\" class=\"sr7-layer\"><noscript><img decoding=\"async\" src=\"https:\/\/mitilenetours.com\/wp-content\/uploads\/2024\/11\/slide-01.jpg\" alt=\"\" title=\"slide-01\"><\/noscript><\/sr7-bg>\n\t\t\t\t\t\t<\/sr7-slide>\n\t\t\t\t\t\t<sr7-slide id=\"SR7_1_1-3\" data-key=\"3\">\n\t\t\t\t\t\t\t<sr7-bg id=\"SR7_1_1-3-1\" class=\"sr7-layer\"><noscript><img decoding=\"async\" src=\"https:\/\/mitilenetours.com\/wp-content\/uploads\/2024\/11\/slide-02.jpg\" alt=\"\" title=\"slide-02\"><\/noscript><\/sr7-bg>\n\t\t\t\t\t\t<\/sr7-slide>\n\t\t\t\t\t\t<sr7-slide id=\"SR7_1_1-4\" data-key=\"4\">\n\t\t\t\t\t\t\t<sr7-bg id=\"SR7_1_1-4-1\" class=\"sr7-layer\"><noscript><img decoding=\"async\" src=\"https:\/\/mitilenetours.com\/wp-content\/uploads\/2024\/11\/slide-03.jpg\" alt=\"\" title=\"slide-03\"><\/noscript><\/sr7-bg>\n\t\t\t\t\t\t<\/sr7-slide>\n\t\t\t\t\t\t<sr7-slide id=\"SR7_1_1-5\" data-key=\"5\">\n\t\t\t\t\t\t\t<sr7-bg id=\"SR7_1_1-5-1\" class=\"sr7-layer\"><noscript><img decoding=\"async\" src=\"https:\/\/mitilenetours.com\/wp-content\/uploads\/2024\/11\/slide-04.jpg\" alt=\"\" title=\"slide-04\"><\/noscript><\/sr7-bg>\n\t\t\t\t\t\t<\/sr7-slide>\n\t\t\t\t\t\t<sr7-slide id=\"SR7_1_1-6\" data-key=\"6\">\n\t\t\t\t\t\t\t<sr7-bg id=\"SR7_1_1-6-1\" class=\"sr7-layer\"><noscript><img decoding=\"async\" src=\"https:\/\/mitilenetours.com\/wp-content\/uploads\/2024\/11\/slide-05.jpg\" alt=\"\" title=\"slide-05\"><\/noscript><\/sr7-bg>\n\t\t\t\t\t\t<\/sr7-slide>\n\t\t\t\t\t\t<sr7-slide id=\"SR7_1_1-7\" data-key=\"7\">\n\t\t\t\t\t\t\t<sr7-bg id=\"SR7_1_1-7-1\" class=\"sr7-layer\"><noscript><img decoding=\"async\" src=\"https:\/\/mitilenetours.com\/wp-content\/uploads\/2024\/11\/slide-06.jpg\" alt=\"\" title=\"slide-06\"><\/noscript><\/sr7-bg>\n\t\t\t\t\t\t<\/sr7-slide>\n\t\t\t\t\t\t<sr7-slide id=\"SR7_1_1-2\" data-key=\"2\">\n\t\t\t\t\t\t<\/sr7-slide>\n\t\t\t\t\t<\/sr7-content>\n\t\t\t\t\t<image_lists style=\"display:none\">\n\t\t\t\t\t\t<img data-src=\"\/\/mitilenetours.com\/wp-content\/uploads\/2024\/11\/slide-01.jpg\" data-libid=\"17\" data-lib=\"medialibrary\" title=\"slide-01\" width=\"0\" height=\"0\" data-dbsrc=\"Ly9taXRpbGVuZXRvdXJzLmNvbS93cC1jb250ZW50L3VwbG9hZHMvMjAyNC8xMS9zbGlkZS0wMS5qcGc=\"\/>\n\t\t\t\t\t\t<img data-src=\"\/\/mitilenetours.com\/wp-content\/uploads\/2024\/11\/slide-02.jpg\" data-libid=\"18\" data-lib=\"medialibrary\" title=\"slide-02\" width=\"0\" height=\"0\" data-dbsrc=\"Ly9taXRpbGVuZXRvdXJzLmNvbS93cC1jb250ZW50L3VwbG9hZHMvMjAyNC8xMS9zbGlkZS0wMi5qcGc=\"\/>\n\t\t\t\t\t\t<img data-src=\"\/\/mitilenetours.com\/wp-content\/uploads\/2024\/11\/slide-03.jpg\" data-libid=\"19\" data-lib=\"medialibrary\" title=\"slide-03\" width=\"0\" height=\"0\" data-dbsrc=\"Ly9taXRpbGVuZXRvdXJzLmNvbS93cC1jb250ZW50L3VwbG9hZHMvMjAyNC8xMS9zbGlkZS0wMy5qcGc=\"\/>\n\t\t\t\t\t\t<img data-src=\"\/\/mitilenetours.com\/wp-content\/uploads\/2024\/11\/slide-04.jpg\" data-libid=\"20\" data-lib=\"medialibrary\" title=\"slide-04\" width=\"0\" height=\"0\" data-dbsrc=\"Ly9taXRpbGVuZXRvdXJzLmNvbS93cC1jb250ZW50L3VwbG9hZHMvMjAyNC8xMS9zbGlkZS0wNC5qcGc=\"\/>\n\t\t\t\t\t\t<img data-src=\"\/\/mitilenetours.com\/wp-content\/uploads\/2024\/11\/slide-05.jpg\" data-libid=\"21\" data-lib=\"medialibrary\" title=\"slide-05\" width=\"0\" height=\"0\" data-dbsrc=\"Ly9taXRpbGVuZXRvdXJzLmNvbS93cC1jb250ZW50L3VwbG9hZHMvMjAyNC8xMS9zbGlkZS0wNS5qcGc=\"\/>\n\t\t\t\t\t\t<img data-src=\"\/\/mitilenetours.com\/wp-content\/uploads\/2024\/11\/slide-06.jpg\" data-libid=\"22\" data-lib=\"medialibrary\" title=\"slide-06\" width=\"0\" height=\"0\" data-dbsrc=\"Ly9taXRpbGVuZXRvdXJzLmNvbS93cC1jb250ZW50L3VwbG9hZHMvMjAyNC8xMS9zbGlkZS0wNi5qcGc=\"\/>\n\t\t\t\t\t<\/image_lists>\n\t\t\t\t<\/sr7-module>\n\t\t\t\t<script>\n\t\t\t\t\tSR7.PMH ??={}; SR7.PMH[\"SR7_1_1\"] = {cn:0,state:false,fn: function() { if (_tpt!==undefined && _tpt.prepareModuleHeight !== undefined) {  _tpt.prepareModuleHeight({id:\"SR7_1_1\",el:[650,650,768,960,720],type:'standard',shdw:'0',gh:[650,650,,,],gw:[1550,1550,,,],vpt:['100px'],size:{fullWidth:true, fullHeight:false},mh:'0',onh:0,onw:0,bg:{color:'{\"orig\":\"transparent\",\"type\":\"solid\",\"string\":\"transparent\"}'}});   SR7.PMH[\"SR7_1_1\"].state=true;} else if((SR7.PMH[\"SR7_1_1\"].cn++)<100)\tsetTimeout( SR7.PMH[\"SR7_1_1\"].fn,19);}};SR7.PMH[\"SR7_1_1\" ].fn();\n\t\t\t\t<\/script>\n[\/vc_column_text][\/vc_column][\/vc_row][vc_row][vc_column][vc_separator color=&#8221;blue&#8221; style=&#8221;shadow&#8221; border_width=&#8221;5&#8243; css=&#8221;&#8221;][\/vc_column][\/vc_row][vc_row][vc_column width=&#8221;3\/4&#8243;][vc_column_text css_animation=&#8221;fadeInRight&#8221; css=&#8221;&#8221;]<\/p>\n<p style=\"text-align: justify;\">Lesvos, ayn\u0131 zamanda Lesbos olarak da bilinir, Yunanistan&#8217;\u0131n kuzeydo\u011fu Ege Denizi&#8217;nde b\u00fcy\u00fcleyici bir adad\u0131r, \u00fc\u00e7\u00fcnc\u00fc b\u00fcy\u00fck Yunan adas\u0131d\u0131r ve zengin tarihi, \u00e7arp\u0131c\u0131 manzaralar\u0131 ve canl\u0131 k\u00fclt\u00fcr\u00fcyle bilinir.<\/p>\n<p style=\"text-align: justify;\">B\u00fcy\u00fcleyici k\u00f6yleri, g\u00fczel plajlar\u0131 ve antik tiyatrolar ve Bizans kiliseleri de dahil olmak \u00fczere \u00f6nemli arkeolojik alanlar\u0131 vard\u0131r.<\/p>\n<p style=\"text-align: justify;\">Ada, zeytinya\u011f\u0131 \u00fcretimi, uzosu ve Ta\u015fla\u015fm\u0131\u015f Orman gibi e\u015fsiz do\u011fal harikalar\u0131yla \u00fcnl\u00fcd\u00fcr.<\/p>\n<p>[\/vc_column_text][vc_row_inner][vc_column_inner width=&#8221;1\/4&#8243;][vc_single_image image=&#8221;10&#8243; img_size=&#8221;full&#8221; alignment=&#8221;center&#8221; css_animation=&#8221;fadeInLeft&#8221; css=&#8221;&#8221;][\/vc_column_inner][vc_column_inner width=&#8221;3\/4&#8243;][vc_single_image image=&#8221;14&#8243; img_size=&#8221;full&#8221; alignment=&#8221;center&#8221; css=&#8221;&#8221;][\/vc_column_inner][\/vc_row_inner][\/vc_column][vc_column width=&#8221;1\/4&#8243;][vc_single_image image=&#8221;11&#8243; img_size=&#8221;full&#8221; alignment=&#8221;center&#8221; css_animation=&#8221;fadeInRight&#8221; css=&#8221;&#8221;][\/vc_column][\/vc_row][vc_row][vc_column][vc_separator color=&#8221;blue&#8221; style=&#8221;shadow&#8221; border_width=&#8221;5&#8243; css=&#8221;&#8221;][\/vc_column][\/vc_row][vc_row][vc_column width=&#8221;1\/4&#8243;][vc_single_image image=&#8221;12&#8243; img_size=&#8221;full&#8221; alignment=&#8221;center&#8221; css_animation=&#8221;fadeInLeft&#8221; css=&#8221;&#8221;][\/vc_column][vc_column width=&#8221;3\/4&#8243;][vc_column_text css_animation=&#8221;fadeInRight&#8221; css=&#8221;&#8221;]<\/p>\n<p style=\"text-align: justify;\">Bat\u0131 T\u00fcrkiye, zengin tarihi miras\u0131 \u00e7arp\u0131c\u0131 do\u011fal g\u00fczelliklerle harmanlayan canl\u0131 bir b\u00f6lgedir.<\/p>\n<p style=\"text-align: justify;\">Ege Denizi boyunca uzanan pitoresk k\u0131y\u0131 kasabalar\u0131, Efes ve Bergama gibi antik kal\u0131nt\u0131lar ve zeytinlikler ve \u00fcz\u00fcm ba\u011flar\u0131yla dolu yemye\u015fil manzaralar sunar.<\/p>\n<p style=\"text-align: justify;\">Ayval\u0131k, \u0130zmir ve Bodrum gibi \u015fehirler, modern olanaklar ve geleneksel k\u00fclt\u00fcr\u00fcn bir kar\u0131\u015f\u0131m\u0131n\u0131 sunarken, b\u00f6lgenin s\u0131cak iklimi ve misafirperverli\u011fi, hem dinlenme hem de macera arayan gezginler i\u00e7in pop\u00fcler bir destinasyon haline getirir.<\/p>\n<p>[\/vc_column_text][vc_row_inner][vc_column_inner width=&#8221;3\/4&#8243;][vc_single_image image=&#8221;15&#8243; img_size=&#8221;full&#8221; alignment=&#8221;center&#8221; css=&#8221;&#8221;][\/vc_column_inner][vc_column_inner width=&#8221;1\/4&#8243;][vc_single_image image=&#8221;13&#8243; img_size=&#8221;full&#8221; alignment=&#8221;center&#8221; css_animation=&#8221;fadeInLeft&#8221; css=&#8221;&#8221;][\/vc_column_inner][\/vc_row_inner][\/vc_column][\/vc_row][vc_row][vc_column][vc_separator color=&#8221;blue&#8221; style=&#8221;shadow&#8221; border_width=&#8221;5&#8243; css=&#8221;&#8221;][\/vc_column][\/vc_row][vc_row][vc_column width=&#8221;1\/2&#8243;][vc_video link=&#8221;https:\/\/www.youtube.com\/watch?v=SCT5adNmIhs&#8221; align=&#8221;center&#8221; css_animation=&#8221;fadeInLeft&#8221; css=&#8221;&#8221;][\/vc_column][vc_column width=&#8221;1\/2&#8243;][vc_video link=&#8221;https:\/\/www.youtube.com\/watch?v=tMIX4-YdtaI&#8221; align=&#8221;center&#8221; css_animation=&#8221;fadeInRight&#8221; css=&#8221;&#8221;][\/vc_column][\/vc_row]<\/p>\n<\/div>","protected":false},"excerpt":{"rendered":"<p>[vc_row css=&#8221;.vc_custom_1731742296219{margin-top: -30px !important;}&#8221;][vc_column][vc_column_text css=&#8221;&#8221;][\/vc_column_text][\/vc_column][\/vc_row][vc_row][vc_column][vc_separator color=&#8221;blue&#8221; style=&#8221;shadow&#8221; border_width=&#8221;5&#8243; css=&#8221;&#8221;][\/vc_column][\/vc_row][vc_row][vc_column width=&#8221;3\/4&#8243;][vc_column_text css_animation=&#8221;fadeInRight&#8221; css=&#8221;&#8221;] Lesvos, ayn\u0131 zamanda Lesbos olarak da bilinir, Yunanistan&#8217;\u0131n kuzeydo\u011fu Ege Denizi&#8217;nde b\u00fcy\u00fcleyici bir adad\u0131r, \u00fc\u00e7\u00fcnc\u00fc b\u00fcy\u00fck Yunan adas\u0131d\u0131r ve zengin tarihi, \u00e7arp\u0131c\u0131 manzaralar\u0131 ve canl\u0131 k\u00fclt\u00fcr\u00fcyle bilinir. B\u00fcy\u00fcleyici k\u00f6yleri, g\u00fczel plajlar\u0131 ve antik tiyatrolar ve Bizans kiliseleri de dahil olmak \u00fczere \u00f6nemli arkeolojik&hellip;<\/p>\n","protected":false},"author":1,"featured_media":0,"parent":0,"menu_order":0,"comment_status":"closed","ping_status":"closed","template":"","meta":{"footnotes":""},"class_list":["post-9","page","type-page","status-publish","hentry","description-off"],"yoast_head":"<!-- This site is optimized with the Yoast SEO plugin v27.5 - https:\/\/yoast.com\/product\/yoast-seo-wordpress\/ -->\n<title>Ana sayfa -<\/title>\n<meta name=\"robots\" content=\"index, follow, max-snippet:-1, max-image-preview:large, max-video-preview:-1\" \/>\n<link rel=\"canonical\" href=\"https:\/\/mitilenetours.com\/tr\/\" \/>\n<meta property=\"og:locale\" content=\"el_GR\" \/>\n<meta property=\"og:type\" content=\"article\" \/>\n<meta property=\"og:title\" content=\"Ana sayfa -\" \/>\n<meta property=\"og:description\" content=\"[vc_row css=&#8221;.vc_custom_1731742296219{margin-top: -30px !important;}&#8221;][vc_column][vc_column_text css=&#8221;&#8221;][\/vc_column_text][\/vc_column][\/vc_row][vc_row][vc_column][vc_separator color=&#8221;blue&#8221; style=&#8221;shadow&#8221; border_width=&#8221;5&#8243; css=&#8221;&#8221;][\/vc_column][\/vc_row][vc_row][vc_column width=&#8221;3\/4&#8243;][vc_column_text css_animation=&#8221;fadeInRight&#8221; css=&#8221;&#8221;] Lesvos, ayn\u0131 zamanda Lesbos olarak da bilinir, Yunanistan&#8217;\u0131n kuzeydo\u011fu Ege Denizi&#8217;nde b\u00fcy\u00fcleyici bir adad\u0131r, \u00fc\u00e7\u00fcnc\u00fc b\u00fcy\u00fck Yunan adas\u0131d\u0131r ve zengin tarihi, \u00e7arp\u0131c\u0131 manzaralar\u0131 ve canl\u0131 k\u00fclt\u00fcr\u00fcyle bilinir. B\u00fcy\u00fcleyici k\u00f6yleri, g\u00fczel plajlar\u0131 ve antik tiyatrolar ve Bizans kiliseleri de dahil olmak \u00fczere \u00f6nemli arkeolojik&hellip;\" \/>\n<meta property=\"og:url\" content=\"https:\/\/mitilenetours.com\/tr\/\" \/>\n<meta property=\"article:modified_time\" content=\"2025-01-22T09:25:34+00:00\" \/>\n<meta name=\"twitter:card\" content=\"summary_large_image\" \/>\n<meta name=\"twitter:label1\" content=\"\u0395\u03ba\u03c4\u03b9\u03bc\u03ce\u03bc\u03b5\u03bd\u03bf\u03c2 \u03c7\u03c1\u03cc\u03bd\u03bf\u03c2 \u03b1\u03bd\u03ac\u03b3\u03bd\u03c9\u03c3\u03b7\u03c2\" \/>\n\t<meta name=\"twitter:data1\" content=\"3 \u03bb\u03b5\u03c0\u03c4\u03ac\" \/>\n<script type=\"application\/ld+json\" class=\"yoast-schema-graph\">{\"@context\":\"https:\\\/\\\/schema.org\",\"@graph\":[{\"@type\":\"WebPage\",\"@id\":\"https:\\\/\\\/mitilenetours.com\\\/tr\\\/\",\"url\":\"https:\\\/\\\/mitilenetours.com\\\/tr\\\/\",\"name\":\"Ana sayfa -\",\"isPartOf\":{\"@id\":\"https:\\\/\\\/mitilenetours.com\\\/tr\\\/#website\"},\"datePublished\":\"2024-11-25T13:31:32+00:00\",\"dateModified\":\"2025-01-22T09:25:34+00:00\",\"breadcrumb\":{\"@id\":\"https:\\\/\\\/mitilenetours.com\\\/tr\\\/#breadcrumb\"},\"inLanguage\":\"el\",\"potentialAction\":[{\"@type\":\"ReadAction\",\"target\":[\"https:\\\/\\\/mitilenetours.com\\\/tr\\\/\"]}]},{\"@type\":\"BreadcrumbList\",\"@id\":\"https:\\\/\\\/mitilenetours.com\\\/tr\\\/#breadcrumb\",\"itemListElement\":[{\"@type\":\"ListItem\",\"position\":1,\"name\":\"\u0391\u03c1\u03c7\u03b9\u03ba\u03ae\",\"item\":\"https:\\\/\\\/mitilenetours.com\\\/tr\\\/\"},{\"@type\":\"ListItem\",\"position\":2,\"name\":\"Ana sayfa\"}]},{\"@type\":\"WebSite\",\"@id\":\"https:\\\/\\\/mitilenetours.com\\\/tr\\\/#website\",\"url\":\"https:\\\/\\\/mitilenetours.com\\\/tr\\\/\",\"name\":\"\",\"description\":\"\",\"potentialAction\":[{\"@type\":\"SearchAction\",\"target\":{\"@type\":\"EntryPoint\",\"urlTemplate\":\"https:\\\/\\\/mitilenetours.com\\\/tr\\\/?s={search_term_string}\"},\"query-input\":{\"@type\":\"PropertyValueSpecification\",\"valueRequired\":true,\"valueName\":\"search_term_string\"}}],\"inLanguage\":\"el\"}]}<\/script>\n<!-- \/ Yoast SEO plugin. -->","yoast_head_json":{"title":"Ana sayfa -","robots":{"index":"index","follow":"follow","max-snippet":"max-snippet:-1","max-image-preview":"max-image-preview:large","max-video-preview":"max-video-preview:-1"},"canonical":"https:\/\/mitilenetours.com\/tr\/","og_locale":"el_GR","og_type":"article","og_title":"Ana sayfa -","og_description":"[vc_row css=&#8221;.vc_custom_1731742296219{margin-top: -30px !important;}&#8221;][vc_column][vc_column_text css=&#8221;&#8221;][\/vc_column_text][\/vc_column][\/vc_row][vc_row][vc_column][vc_separator color=&#8221;blue&#8221; style=&#8221;shadow&#8221; border_width=&#8221;5&#8243; css=&#8221;&#8221;][\/vc_column][\/vc_row][vc_row][vc_column width=&#8221;3\/4&#8243;][vc_column_text css_animation=&#8221;fadeInRight&#8221; css=&#8221;&#8221;] Lesvos, ayn\u0131 zamanda Lesbos olarak da bilinir, Yunanistan&#8217;\u0131n kuzeydo\u011fu Ege Denizi&#8217;nde b\u00fcy\u00fcleyici bir adad\u0131r, \u00fc\u00e7\u00fcnc\u00fc b\u00fcy\u00fck Yunan adas\u0131d\u0131r ve zengin tarihi, \u00e7arp\u0131c\u0131 manzaralar\u0131 ve canl\u0131 k\u00fclt\u00fcr\u00fcyle bilinir. B\u00fcy\u00fcleyici k\u00f6yleri, g\u00fczel plajlar\u0131 ve antik tiyatrolar ve Bizans kiliseleri de dahil olmak \u00fczere \u00f6nemli arkeolojik&hellip;","og_url":"https:\/\/mitilenetours.com\/tr\/","article_modified_time":"2025-01-22T09:25:34+00:00","twitter_card":"summary_large_image","twitter_misc":{"\u0395\u03ba\u03c4\u03b9\u03bc\u03ce\u03bc\u03b5\u03bd\u03bf\u03c2 \u03c7\u03c1\u03cc\u03bd\u03bf\u03c2 \u03b1\u03bd\u03ac\u03b3\u03bd\u03c9\u03c3\u03b7\u03c2":"3 \u03bb\u03b5\u03c0\u03c4\u03ac"},"schema":{"@context":"https:\/\/schema.org","@graph":[{"@type":"WebPage","@id":"https:\/\/mitilenetours.com\/tr\/","url":"https:\/\/mitilenetours.com\/tr\/","name":"Ana sayfa -","isPartOf":{"@id":"https:\/\/mitilenetours.com\/tr\/#website"},"datePublished":"2024-11-25T13:31:32+00:00","dateModified":"2025-01-22T09:25:34+00:00","breadcrumb":{"@id":"https:\/\/mitilenetours.com\/tr\/#breadcrumb"},"inLanguage":"el","potentialAction":[{"@type":"ReadAction","target":["https:\/\/mitilenetours.com\/tr\/"]}]},{"@type":"BreadcrumbList","@id":"https:\/\/mitilenetours.com\/tr\/#breadcrumb","itemListElement":[{"@type":"ListItem","position":1,"name":"\u0391\u03c1\u03c7\u03b9\u03ba\u03ae","item":"https:\/\/mitilenetours.com\/tr\/"},{"@type":"ListItem","position":2,"name":"Ana sayfa"}]},{"@type":"WebSite","@id":"https:\/\/mitilenetours.com\/tr\/#website","url":"https:\/\/mitilenetours.com\/tr\/","name":"","description":"","potentialAction":[{"@type":"SearchAction","target":{"@type":"EntryPoint","urlTemplate":"https:\/\/mitilenetours.com\/tr\/?s={search_term_string}"},"query-input":{"@type":"PropertyValueSpecification","valueRequired":true,"valueName":"search_term_string"}}],"inLanguage":"el"}]}},"_links":{"self":[{"href":"https:\/\/mitilenetours.com\/tr\/wp-json\/wp\/v2\/pages\/9","targetHints":{"allow":["GET"]}}],"collection":[{"href":"https:\/\/mitilenetours.com\/tr\/wp-json\/wp\/v2\/pages"}],"about":[{"href":"https:\/\/mitilenetours.com\/tr\/wp-json\/wp\/v2\/types\/page"}],"author":[{"embeddable":true,"href":"https:\/\/mitilenetours.com\/tr\/wp-json\/wp\/v2\/users\/1"}],"replies":[{"embeddable":true,"href":"https:\/\/mitilenetours.com\/tr\/wp-json\/wp\/v2\/comments?post=9"}],"version-history":[{"count":4,"href":"https:\/\/mitilenetours.com\/tr\/wp-json\/wp\/v2\/pages\/9\/revisions"}],"predecessor-version":[{"id":300,"href":"https:\/\/mitilenetours.com\/tr\/wp-json\/wp\/v2\/pages\/9\/revisions\/300"}],"wp:attachment":[{"href":"https:\/\/mitilenetours.com\/tr\/wp-json\/wp\/v2\/media?parent=9"}],"curies":[{"name":"wp","href":"https:\/\/api.w.org\/{rel}","templated":true}]}}